{"id":74,"date":"2021-06-17T22:52:05","date_gmt":"2021-06-17T20:52:05","guid":{"rendered":"http:\/\/www.sondheim-management.de\/wp\/?page_id=74"},"modified":"2021-06-17T23:24:01","modified_gmt":"2021-06-17T21:24:01","slug":"anwendung","status":"publish","type":"page","link":"http:\/\/www.sondheim-management.de\/?page_id=74","title":{"rendered":"Anwendung"},"content":{"rendered":"<p>[et_pb_section fb_built=&#8220;1&#8243; _builder_version=&#8220;3.22&#8243;][et_pb_row _builder_version=&#8220;3.25&#8243; background_size=&#8220;initial&#8220; background_position=&#8220;top_left&#8220; background_repeat=&#8220;repeat&#8220;][et_pb_column _builder_version=&#8220;4.4.3&#8243; type=&#8220;4_4&#8243;][et_pb_text _builder_version=&#8220;4.4.3&#8243; text_text_color=&#8220;#000000&#8243; text_font_size=&#8220;16px&#8220; hover_enabled=&#8220;0&#8243;]<\/p>\n<h3 class=\"p2\"><span style=\"color: #800080;\">Die Anwendung von<\/span> <strong>NANO BLITZ<\/strong><\/h3>\n<p class=\"p2\">Die zu bearbeitenden Fl\u00e4chen von grobem Schmutz reinigen. <strong>NANO BLITZ<\/strong> nach der Grobreinigung auf die zu bearbeitende trockene oder feuchte Fl\u00e4che sparsam\u00a0mit einem weichen Tuch auftragen und sofort einreiben.<br \/> Reinigung, Glanz und Versiegelung in nur einem einfachen Arbeitsgang ohne Kraftaufwand.<\/p>\n<p class=\"p2\">Die Verarbeitung kann auch bei Temperaturen\u00a0wie K\u00e4lte oder Hitze erfolgen.<\/p>\n<p class=\"p2\"><strong>NANO BLITZ<\/strong> ist ein deutsches Produkt, umweltvertr\u00e4glich, \u00f6kologisch abbaubar und mit der Umwelt Bundesamt Pr\u00fcfnummer 5655 0002 zugelassen.<\/p>\n<p>Kindersicher aufbewahren.<\/p>\n<p class=\"p2\">Polymeres Konzentrat<br \/> Unbegrenzt lagerf\u00e4hig von &#8211; 25\u00b0 C &#8211; bis + 150\u00b0 C<\/p>\n<p class=\"p2\"><span class=\"s1\"><b><\/b><\/span><\/p>\n<p class=\"p2\"><span class=\"s1\"><b>NANO BLITZ- Inhaltsstoffe:<\/b><br \/> <\/span>Aqua dest, aromatenfrei Kohlenwasserstoffe, Isoparafine, White snow floss, langkettige Silizium-Verbindungen, Ger\u00fcststoffe, Emulgatoren, Polierk\u00f6rper<\/p>\n<p>[\/et_pb_text][\/et_pb_column][\/et_pb_row][\/et_pb_section]<\/p>\n","protected":false},"excerpt":{"rendered":"<p>[et_pb_section fb_built=&#8220;1&#8243; _builder_version=&#8220;3.22&#8243;][et_pb_row _builder_version=&#8220;3.25&#8243; background_size=&#8220;initial&#8220; background_position=&#8220;top_left&#8220; background_repeat=&#8220;repeat&#8220;][et_pb_column _builder_version=&#8220;4.4.3&#8243; type=&#8220;4_4&#8243;][et_pb_text _builder_version=&#8220;4.4.3&#8243; text_text_color=&#8220;#000000&#8243; text_font_size=&#8220;16px&#8220; hover_enabled=&#8220;0&#8243;] Die Anwendung von NANO BLITZ Die zu bearbeitenden Fl\u00e4chen von grobem Schmutz reinigen. NANO BLITZ nach der Grobreinigung auf die zu bearbeitende trockene oder feuchte Fl\u00e4che sparsam\u00a0mit einem weichen Tuch auftragen und sofort einreiben. Reinigung, Glanz und Versiegelung in nur einem einfachen [&hellip;]<\/p>\n","protected":false},"author":1,"featured_media":0,"parent":0,"menu_order":0,"comment_status":"closed","ping_status":"closed","template":"","meta":{"_et_pb_use_builder":"on","_et_pb_old_content":"","_et_gb_content_width":"","footnotes":""},"class_list":["post-74","page","type-page","status-publish","hentry"],"_links":{"self":[{"href":"http:\/\/www.sondheim-management.de\/index.php?rest_route=\/wp\/v2\/pages\/74","targetHints":{"allow":["GET"]}}],"collection":[{"href":"http:\/\/www.sondheim-management.de\/index.php?rest_route=\/wp\/v2\/pages"}],"about":[{"href":"http:\/\/www.sondheim-management.de\/index.php?rest_route=\/wp\/v2\/types\/page"}],"author":[{"embeddable":true,"href":"http:\/\/www.sondheim-management.de\/index.php?rest_route=\/wp\/v2\/users\/1"}],"replies":[{"embeddable":true,"href":"http:\/\/www.sondheim-management.de\/index.php?rest_route=%2Fwp%2Fv2%2Fcomments&post=74"}],"version-history":[{"count":2,"href":"http:\/\/www.sondheim-management.de\/index.php?rest_route=\/wp\/v2\/pages\/74\/revisions"}],"predecessor-version":[{"id":88,"href":"http:\/\/www.sondheim-management.de\/index.php?rest_route=\/wp\/v2\/pages\/74\/revisions\/88"}],"wp:attachment":[{"href":"http:\/\/www.sondheim-management.de\/index.php?rest_route=%2Fwp%2Fv2%2Fmedia&parent=74"}],"curies":[{"name":"wp","href":"https:\/\/api.w.org\/{rel}","templated":true}]}}