{"id":68,"date":"2021-06-17T22:50:55","date_gmt":"2021-06-17T20:50:55","guid":{"rendered":"http:\/\/www.sondheim-management.de\/wp\/?page_id=68"},"modified":"2021-06-17T23:05:20","modified_gmt":"2021-06-17T21:05:20","slug":"wirkung","status":"publish","type":"page","link":"http:\/\/www.sondheim-management.de\/?page_id=68","title":{"rendered":"Wirkung"},"content":{"rendered":"<p>[et_pb_section fb_built=&#8220;1&#8243; _builder_version=&#8220;3.22&#8243;][et_pb_row _builder_version=&#8220;3.25&#8243; background_size=&#8220;initial&#8220; background_position=&#8220;top_left&#8220; background_repeat=&#8220;repeat&#8220;][et_pb_column _builder_version=&#8220;4.4.3&#8243; type=&#8220;4_4&#8243;][et_pb_text _builder_version=&#8220;4.4.3&#8243; hover_enabled=&#8220;0&#8243; text_font_size=&#8220;16px&#8220; text_text_color=&#8220;#000000&#8243;]<\/p>\n<h3 class=\"p1\"><strong>NANO BLITZ<\/strong> &#8211; <span style=\"color: #339966;\">Zum Reinigen, Polieren und Konservieren<\/span><\/h3>\n<p class=\"p1\">Die ultimative Neuheit, besser geht\u2019s nicht \u2013 vergessen Sie alles, was Sie bisher kennen!<br \/> Mit \u00fcberzeugender Sofortwirkung und Langzeiteffekt.<\/p>\n<p class=\"p1\"><strong>NANO BLITZ<\/strong> ist nach neuesten wissenschaftlichen Erkenntnissen entwickelt und gepr\u00fcft.<\/p>\n<p class=\"p1\">Mit Nano-Effekt und Lotusblumen-Effekt. Wasser und Schmutz bleiben nicht haften sondern perlen\u00a0einfach ab.<br \/> Nach der Behandlung mit Nano-Blitz werden die behandelten Gegenst\u00e4nde schmutz- und wasserabweisend. Es bilden sich aber nicht die extrem runden, kugeligen Perlen, wie man sie aus der Werbung kennt. Diese Perlen k\u00f6nnen bei nachfolgendem Sonnenschein sogar gef\u00e4hrlich sein, da sich hier leicht \u201eBrennglas-Effekte\u201c bilden, die durch Hitzeentwicklung zu Sch\u00e4den an GFK oder Lack f\u00fchren k\u00f6nnen.<\/p>\n<p class=\"p1\">Kein Silikon, keine Schleifstoffe, keine Schleier und Schlieren.<\/p>\n<p class=\"p1\">\n<h3 class=\"p1\"><span style=\"color: #800080;\">DIE WIRKUNG VON<\/span> <strong>NANO BLITZ<\/strong><\/h3>\n<p><strong><\/strong><\/p>\n<p class=\"p1\">Reinigt farb-aktiv, selbst alte Farben werden in einem Arbeitsgang\u00a0microfein gereinigt und mit Nano-Effekt aufgefrischt und poliert.<\/p>\n<p class=\"p1\">Rost, Teer, Insekten, Verschmutzungen werden einfach und gr\u00fcndlich entfernt.<\/p>\n<p class=\"p1\">Im gleichen Arbeitsgang werden die Fl\u00e4chen geh\u00e4rtet \u2013 weitgehend kratzfest -, poliert und hochglanzversiegelt. Silber erh\u00e4lt einen wirksamen und lang anhaltenden Anlaufschutz.<\/p>\n<p class=\"p1\">Die bearbeiteten Fl\u00e4chen werden mit einem UV-Filter gesch\u00fctzt und wasser- und schmutzabweisend konserviert.<\/p>\n<p class=\"p1\">Langzeitschutz f\u00fcr ca. 12 Monate<\/p>\n<p class=\"p1\">Dies alles in einem einfachen und schnellen Arbeitsgang \u2013 ohne Kraftaufwand.<\/p>\n<p>[\/et_pb_text][\/et_pb_column][\/et_pb_row][\/et_pb_section]<\/p>\n","protected":false},"excerpt":{"rendered":"<p>[et_pb_section fb_built=&#8220;1&#8243; _builder_version=&#8220;3.22&#8243;][et_pb_row _builder_version=&#8220;3.25&#8243; background_size=&#8220;initial&#8220; background_position=&#8220;top_left&#8220; background_repeat=&#8220;repeat&#8220;][et_pb_column _builder_version=&#8220;4.4.3&#8243; type=&#8220;4_4&#8243;][et_pb_text _builder_version=&#8220;4.4.3&#8243; hover_enabled=&#8220;0&#8243; text_font_size=&#8220;16px&#8220; text_text_color=&#8220;#000000&#8243;] NANO BLITZ &#8211; Zum Reinigen, Polieren und Konservieren Die ultimative Neuheit, besser geht\u2019s nicht \u2013 vergessen Sie alles, was Sie bisher kennen! Mit \u00fcberzeugender Sofortwirkung und Langzeiteffekt. NANO BLITZ ist nach neuesten wissenschaftlichen Erkenntnissen entwickelt und gepr\u00fcft. Mit Nano-Effekt und Lotusblumen-Effekt. Wasser [&hellip;]<\/p>\n","protected":false},"author":1,"featured_media":0,"parent":0,"menu_order":0,"comment_status":"closed","ping_status":"closed","template":"","meta":{"_et_pb_use_builder":"on","_et_pb_old_content":"","_et_gb_content_width":"","footnotes":""},"class_list":["post-68","page","type-page","status-publish","hentry"],"_links":{"self":[{"href":"http:\/\/www.sondheim-management.de\/index.php?rest_route=\/wp\/v2\/pages\/68","targetHints":{"allow":["GET"]}}],"collection":[{"href":"http:\/\/www.sondheim-management.de\/index.php?rest_route=\/wp\/v2\/pages"}],"about":[{"href":"http:\/\/www.sondheim-management.de\/index.php?rest_route=\/wp\/v2\/types\/page"}],"author":[{"embeddable":true,"href":"http:\/\/www.sondheim-management.de\/index.php?rest_route=\/wp\/v2\/users\/1"}],"replies":[{"embeddable":true,"href":"http:\/\/www.sondheim-management.de\/index.php?rest_route=%2Fwp%2Fv2%2Fcomments&post=68"}],"version-history":[{"count":2,"href":"http:\/\/www.sondheim-management.de\/index.php?rest_route=\/wp\/v2\/pages\/68\/revisions"}],"predecessor-version":[{"id":85,"href":"http:\/\/www.sondheim-management.de\/index.php?rest_route=\/wp\/v2\/pages\/68\/revisions\/85"}],"wp:attachment":[{"href":"http:\/\/www.sondheim-management.de\/index.php?rest_route=%2Fwp%2Fv2%2Fmedia&parent=68"}],"curies":[{"name":"wp","href":"https:\/\/api.w.org\/{rel}","templated":true}]}}