{"id":38,"date":"2021-06-14T22:06:24","date_gmt":"2021-06-14T20:06:24","guid":{"rendered":"http:\/\/www.sondheim-management.de\/wp\/?page_id=38"},"modified":"2021-06-25T22:45:27","modified_gmt":"2021-06-25T20:45:27","slug":"unsere-angebote","status":"publish","type":"page","link":"http:\/\/www.sondheim-management.de\/?page_id=38","title":{"rendered":"Unsere Angebote"},"content":{"rendered":"<p>[et_pb_section fb_built=&#8220;1&#8243; _builder_version=&#8220;4.4.3&#8243;][et_pb_row _builder_version=&#8220;4.4.3&#8243;][et_pb_column type=&#8220;4_4&#8243; _builder_version=&#8220;4.4.3&#8243;][et_pb_image src=&#8220;http:\/\/www.sondheim-management.de\/wp\/wp-content\/uploads\/2021\/06\/sond-e1624653604145.png&#8220; _builder_version=&#8220;4.4.3&#8243; hover_enabled=&#8220;0&#8243;][\/et_pb_image][et_pb_text _builder_version=&#8220;4.4.3&#8243; text_text_color=&#8220;#000000&#8243; text_font_size=&#8220;16px&#8220;]<\/p>\n<h3 class=\"p1\"><span style=\"color: #0000ff;\"><b>Unsere Angebote<\/b><\/span><\/h3>\n<p>&nbsp;<\/p>\n<p>Wir bieten freibleibend (jeweils nur gr\u00f6\u00dfere Mengen) ab Lager zuz\u00fcgl. Mwst. an<\/p>\n<p>&nbsp;<\/p>\n<ul>\n<li class=\"p1\">Zigaretten, auch Philip Morris, Marlboro<\/li>\n<li class=\"p2\">Warndreiecke, warning triangles,\u00a0triangles lumineux,<\/li>\n<li class=\"p2\">Warnwesten, warning vests, Gilet de S\u00e9curit\u00e9<\/li>\n<li class=\"p2\">Auto Verbandskasten, first-aid-kit,\u00a0bo\u00eetes d\u00b4infirmerie<\/li>\n<li class=\"p2\">pour les premiers secours<\/li>\n<li class=\"p2\">Auto Feuerl\u00f6scher, fire-extinguisher,\u00a0Extincteur<\/li>\n<li class=\"p2\">Kosmetik, Parf\u00fcm<\/li>\n<li class=\"p1\">Coronatester, Masken, Schutzkleidung<\/li>\n<li class=\"p1\">Medizinische Ger\u00e4te und Einrichtungen nach Anfrage<\/li>\n<li class=\"p1\">Reinigungsprodukte,<\/li>\n<li class=\"p1\">Postenwaren<\/li>\n<\/ul>\n<p>[\/et_pb_text][\/et_pb_column][\/et_pb_row][\/et_pb_section]<\/p>\n","protected":false},"excerpt":{"rendered":"<p>[et_pb_section fb_built=&#8220;1&#8243; _builder_version=&#8220;4.4.3&#8243;][et_pb_row _builder_version=&#8220;4.4.3&#8243;][et_pb_column type=&#8220;4_4&#8243; _builder_version=&#8220;4.4.3&#8243;][et_pb_image src=&#8220;http:\/\/www.sondheim-management.de\/wp\/wp-content\/uploads\/2021\/06\/sond-e1624653604145.png&#8220; _builder_version=&#8220;4.4.3&#8243; hover_enabled=&#8220;0&#8243;][\/et_pb_image][et_pb_text _builder_version=&#8220;4.4.3&#8243; text_text_color=&#8220;#000000&#8243; text_font_size=&#8220;16px&#8220;] Unsere Angebote &nbsp; Wir bieten freibleibend (jeweils nur gr\u00f6\u00dfere Mengen) ab Lager zuz\u00fcgl. Mwst. an &nbsp; Zigaretten, auch Philip Morris, Marlboro Warndreiecke, warning triangles,\u00a0triangles lumineux, Warnwesten, warning vests, Gilet de S\u00e9curit\u00e9 Auto Verbandskasten, first-aid-kit,\u00a0bo\u00eetes d\u00b4infirmerie pour les premiers secours Auto Feuerl\u00f6scher, fire-extinguisher,\u00a0Extincteur Kosmetik, [&hellip;]<\/p>\n","protected":false},"author":1,"featured_media":0,"parent":0,"menu_order":0,"comment_status":"closed","ping_status":"closed","template":"","meta":{"_et_pb_use_builder":"on","_et_pb_old_content":"","_et_gb_content_width":"","footnotes":""},"class_list":["post-38","page","type-page","status-publish","hentry"],"_links":{"self":[{"href":"http:\/\/www.sondheim-management.de\/index.php?rest_route=\/wp\/v2\/pages\/38","targetHints":{"allow":["GET"]}}],"collection":[{"href":"http:\/\/www.sondheim-management.de\/index.php?rest_route=\/wp\/v2\/pages"}],"about":[{"href":"http:\/\/www.sondheim-management.de\/index.php?rest_route=\/wp\/v2\/types\/page"}],"author":[{"embeddable":true,"href":"http:\/\/www.sondheim-management.de\/index.php?rest_route=\/wp\/v2\/users\/1"}],"replies":[{"embeddable":true,"href":"http:\/\/www.sondheim-management.de\/index.php?rest_route=%2Fwp%2Fv2%2Fcomments&post=38"}],"version-history":[{"count":4,"href":"http:\/\/www.sondheim-management.de\/index.php?rest_route=\/wp\/v2\/pages\/38\/revisions"}],"predecessor-version":[{"id":130,"href":"http:\/\/www.sondheim-management.de\/index.php?rest_route=\/wp\/v2\/pages\/38\/revisions\/130"}],"wp:attachment":[{"href":"http:\/\/www.sondheim-management.de\/index.php?rest_route=%2Fwp%2Fv2%2Fmedia&parent=38"}],"curies":[{"name":"wp","href":"https:\/\/api.w.org\/{rel}","templated":true}]}}