{"id":22,"date":"2021-06-13T22:08:21","date_gmt":"2021-06-13T20:08:21","guid":{"rendered":"http:\/\/www.sondheim-management.de\/wp\/?page_id=22"},"modified":"2021-08-16T14:58:00","modified_gmt":"2021-08-16T12:58:00","slug":"22-2","status":"publish","type":"page","link":"http:\/\/www.sondheim-management.de\/","title":{"rendered":"Startseite"},"content":{"rendered":"<p>[et_pb_section fb_built=&#8220;1&#8243; _builder_version=&#8220;3.22&#8243;][et_pb_row _builder_version=&#8220;3.25&#8243; background_size=&#8220;initial&#8220; background_position=&#8220;top_left&#8220; background_repeat=&#8220;repeat&#8220;][et_pb_column type=&#8220;4_4&#8243; _builder_version=&#8220;3.25&#8243; custom_padding=&#8220;|||&#8220; custom_padding__hover=&#8220;|||&#8220;][et_pb_image src=&#8220;http:\/\/www.sondheim-management.de\/wp\/wp-content\/uploads\/2021\/06\/sond-e1624653604145.png&#8220; _builder_version=&#8220;4.4.3&#8243;][\/et_pb_image][et_pb_text _builder_version=&#8220;4.4.3&#8243; text_text_color=&#8220;#000000&#8243; text_font_size=&#8220;16px&#8220; vertical_offset_tablet=&#8220;0&#8243; horizontal_offset_tablet=&#8220;0&#8243; hover_enabled=&#8220;0&#8243; z_index_tablet=&#8220;0&#8243; text_text_shadow_horizontal_length_tablet=&#8220;0px&#8220; text_text_shadow_vertical_length_tablet=&#8220;0px&#8220; text_text_shadow_blur_strength_tablet=&#8220;1px&#8220; link_text_shadow_horizontal_length_tablet=&#8220;0px&#8220; link_text_shadow_vertical_length_tablet=&#8220;0px&#8220; link_text_shadow_blur_strength_tablet=&#8220;1px&#8220; ul_text_shadow_horizontal_length_tablet=&#8220;0px&#8220; ul_text_shadow_vertical_length_tablet=&#8220;0px&#8220; ul_text_shadow_blur_strength_tablet=&#8220;1px&#8220; ol_text_shadow_horizontal_length_tablet=&#8220;0px&#8220; ol_text_shadow_vertical_length_tablet=&#8220;0px&#8220; ol_text_shadow_blur_strength_tablet=&#8220;1px&#8220; quote_text_shadow_horizontal_length_tablet=&#8220;0px&#8220; quote_text_shadow_vertical_length_tablet=&#8220;0px&#8220; quote_text_shadow_blur_strength_tablet=&#8220;1px&#8220; header_text_shadow_horizontal_length_tablet=&#8220;0px&#8220; header_text_shadow_vertical_length_tablet=&#8220;0px&#8220; header_text_shadow_blur_strength_tablet=&#8220;1px&#8220; header_2_text_shadow_horizontal_length_tablet=&#8220;0px&#8220; header_2_text_shadow_vertical_length_tablet=&#8220;0px&#8220; header_2_text_shadow_blur_strength_tablet=&#8220;1px&#8220; header_3_text_shadow_horizontal_length_tablet=&#8220;0px&#8220; header_3_text_shadow_vertical_length_tablet=&#8220;0px&#8220; header_3_text_shadow_blur_strength_tablet=&#8220;1px&#8220; header_4_text_shadow_horizontal_length_tablet=&#8220;0px&#8220; header_4_text_shadow_vertical_length_tablet=&#8220;0px&#8220; header_4_text_shadow_blur_strength_tablet=&#8220;1px&#8220; header_5_text_shadow_horizontal_length_tablet=&#8220;0px&#8220; header_5_text_shadow_vertical_length_tablet=&#8220;0px&#8220; header_5_text_shadow_blur_strength_tablet=&#8220;1px&#8220; header_6_text_shadow_horizontal_length_tablet=&#8220;0px&#8220; header_6_text_shadow_vertical_length_tablet=&#8220;0px&#8220; header_6_text_shadow_blur_strength_tablet=&#8220;1px&#8220; box_shadow_horizontal_tablet=&#8220;0px&#8220; box_shadow_vertical_tablet=&#8220;0px&#8220; box_shadow_blur_tablet=&#8220;40px&#8220; box_shadow_spread_tablet=&#8220;0px&#8220;]<\/p>\n<h3 class=\"p1\"><span class=\"s1\"><b><span style=\"color: #0000ff;\">Herzlich willkommen auf unseren Seiten.<\/span><br \/> <\/b><\/span><span class=\"s2\"><b>\u00a0<\/b><\/span><\/h3>\n<p class=\"p1\"><span class=\"s1\"><b><br \/> <\/b><\/span><span class=\"s3\">Wir sind ein internationales Handels- und Produktionsunternehmen mit Sitz in M\u00fcnchen. Wir t\u00e4tigen\u00a0 Import und Export Gesch\u00e4fte. Wir vermitteln internationale Gesch\u00e4ftskontakte und\u00a0handeln mit Waren aller Art.<br \/> <\/span><span class=\"s4\">\u00a0<\/span><span class=\"s3\"><br \/> insbesondere<\/span><\/p>\n<ul class=\"ul1\">\n<li class=\"li2\"><span class=\"s3\">Industrieanlagen, Gebrauchtmaschinen, Gebrauchtger\u00e4te,<\/span><\/li>\n<li class=\"li2\"><span class=\"s3\">Medizinische Ger\u00e4te und Einrichtungen, auch second hand<\/span><\/li>\n<li class=\"li2\"><span class=\"s3\">Textilien, Baby- Kinderkleidung<\/span><\/li>\n<li class=\"li2\"><span class=\"s3\">Kosmetik, Parf\u00fcm<\/span><\/li>\n<li class=\"li2\"><span class=\"s3\">Zigaretten z. B. Marlboro, Palace und andere Marken<\/span><\/li>\n<li class=\"li2\"><span class=\"s3\">Corona Tester, Masken, Schutzausr\u00fcstung<\/span><\/li>\n<li class=\"li2\"><span class=\"s3\">Autoverbandsk\u00e4sten<\/span><\/li>\n<li class=\"li2\"><span class=\"s3\">Sicherheitswesten<\/span><\/li>\n<li class=\"li2\"><span class=\"s3\">Warndreiecke<\/span><\/li>\n<li class=\"li2\"><span class=\"s3\">Getr\u00e4nke<\/span><\/li>\n<li class=\"li2\"><span class=\"s3\">Autopflegemittel Nano-Blitz (eigene Herstellung)<\/span><\/li>\n<li class=\"li2\"><span class=\"s3\">Versiegelung von Lacken, Kunststoffen etc. Rosaclean<\/span><\/li>\n<\/ul>\n<p class=\"p1\"><span class=\"s3\">Also \u2013 wenn Sie in gr\u00f6\u00dferen Mengen etwas verkaufen oder kaufen m\u00f6chten, oder einen neuen Vertriebspartner\/Kunden im In- und Ausland f\u00fcr Ihre Waren suchen, nehmen Sie bitte mit uns\u00a0<a href=\"http:\/\/www.sondheim-management.de\/?page_id=57\"><span class=\"s5\"><b>Kontakt<\/b><\/span><\/a>\u00a0auf.<br \/> Wir bem\u00fchen uns stets um guten Service und korrekte Abwicklung.<\/span><\/p>\n<p class=\"p3\"><span class=\"s3\"><b><br \/> Wir sprechen deutsch, englisch und rum\u00e4nisch.<\/b><\/span><\/p>\n<p>[\/et_pb_text][\/et_pb_column][\/et_pb_row][\/et_pb_section]<\/p>\n","protected":false},"excerpt":{"rendered":"<p>[et_pb_section fb_built=&#8220;1&#8243; _builder_version=&#8220;3.22&#8243;][et_pb_row _builder_version=&#8220;3.25&#8243; background_size=&#8220;initial&#8220; background_position=&#8220;top_left&#8220; background_repeat=&#8220;repeat&#8220;][et_pb_column type=&#8220;4_4&#8243; _builder_version=&#8220;3.25&#8243; custom_padding=&#8220;|||&#8220; custom_padding__hover=&#8220;|||&#8220;][et_pb_image src=&#8220;http:\/\/www.sondheim-management.de\/wp\/wp-content\/uploads\/2021\/06\/sond-e1624653604145.png&#8220; _builder_version=&#8220;4.4.3&#8243;][\/et_pb_image][et_pb_text _builder_version=&#8220;4.4.3&#8243; text_text_color=&#8220;#000000&#8243; text_font_size=&#8220;16px&#8220; vertical_offset_tablet=&#8220;0&#8243; horizontal_offset_tablet=&#8220;0&#8243; hover_enabled=&#8220;0&#8243; z_index_tablet=&#8220;0&#8243; text_text_shadow_horizontal_length_tablet=&#8220;0px&#8220; text_text_shadow_vertical_length_tablet=&#8220;0px&#8220; text_text_shadow_blur_strength_tablet=&#8220;1px&#8220; link_text_shadow_horizontal_length_tablet=&#8220;0px&#8220; link_text_shadow_vertical_length_tablet=&#8220;0px&#8220; link_text_shadow_blur_strength_tablet=&#8220;1px&#8220; ul_text_shadow_horizontal_length_tablet=&#8220;0px&#8220; ul_text_shadow_vertical_length_tablet=&#8220;0px&#8220; ul_text_shadow_blur_strength_tablet=&#8220;1px&#8220; ol_text_shadow_horizontal_length_tablet=&#8220;0px&#8220; ol_text_shadow_vertical_length_tablet=&#8220;0px&#8220; ol_text_shadow_blur_strength_tablet=&#8220;1px&#8220; quote_text_shadow_horizontal_length_tablet=&#8220;0px&#8220; quote_text_shadow_vertical_length_tablet=&#8220;0px&#8220; quote_text_shadow_blur_strength_tablet=&#8220;1px&#8220; header_text_shadow_horizontal_length_tablet=&#8220;0px&#8220; header_text_shadow_vertical_length_tablet=&#8220;0px&#8220; header_text_shadow_blur_strength_tablet=&#8220;1px&#8220; header_2_text_shadow_horizontal_length_tablet=&#8220;0px&#8220; header_2_text_shadow_vertical_length_tablet=&#8220;0px&#8220; header_2_text_shadow_blur_strength_tablet=&#8220;1px&#8220; header_3_text_shadow_horizontal_length_tablet=&#8220;0px&#8220; header_3_text_shadow_vertical_length_tablet=&#8220;0px&#8220; header_3_text_shadow_blur_strength_tablet=&#8220;1px&#8220; header_4_text_shadow_horizontal_length_tablet=&#8220;0px&#8220; header_4_text_shadow_vertical_length_tablet=&#8220;0px&#8220; header_4_text_shadow_blur_strength_tablet=&#8220;1px&#8220; header_5_text_shadow_horizontal_length_tablet=&#8220;0px&#8220; header_5_text_shadow_vertical_length_tablet=&#8220;0px&#8220; header_5_text_shadow_blur_strength_tablet=&#8220;1px&#8220; header_6_text_shadow_horizontal_length_tablet=&#8220;0px&#8220; header_6_text_shadow_vertical_length_tablet=&#8220;0px&#8220; header_6_text_shadow_blur_strength_tablet=&#8220;1px&#8220; box_shadow_horizontal_tablet=&#8220;0px&#8220; box_shadow_vertical_tablet=&#8220;0px&#8220; [&hellip;]<\/p>\n","protected":false},"author":1,"featured_media":0,"parent":0,"menu_order":0,"comment_status":"closed","ping_status":"closed","template":"","meta":{"_et_pb_use_builder":"on","_et_pb_old_content":"","_et_gb_content_width":"","footnotes":""},"class_list":["post-22","page","type-page","status-publish","hentry"],"_links":{"self":[{"href":"http:\/\/www.sondheim-management.de\/index.php?rest_route=\/wp\/v2\/pages\/22","targetHints":{"allow":["GET"]}}],"collection":[{"href":"http:\/\/www.sondheim-management.de\/index.php?rest_route=\/wp\/v2\/pages"}],"about":[{"href":"http:\/\/www.sondheim-management.de\/index.php?rest_route=\/wp\/v2\/types\/page"}],"author":[{"embeddable":true,"href":"http:\/\/www.sondheim-management.de\/index.php?rest_route=\/wp\/v2\/users\/1"}],"replies":[{"embeddable":true,"href":"http:\/\/www.sondheim-management.de\/index.php?rest_route=%2Fwp%2Fv2%2Fcomments&post=22"}],"version-history":[{"count":12,"href":"http:\/\/www.sondheim-management.de\/index.php?rest_route=\/wp\/v2\/pages\/22\/revisions"}],"predecessor-version":[{"id":146,"href":"http:\/\/www.sondheim-management.de\/index.php?rest_route=\/wp\/v2\/pages\/22\/revisions\/146"}],"wp:attachment":[{"href":"http:\/\/www.sondheim-management.de\/index.php?rest_route=%2Fwp%2Fv2%2Fmedia&parent=22"}],"curies":[{"name":"wp","href":"https:\/\/api.w.org\/{rel}","templated":true}]}}